{"id":431,"date":"2019-07-24T11:11:28","date_gmt":"2019-07-24T09:11:28","guid":{"rendered":"http:\/\/victoriaclubabano.it\/dati-societari\/"},"modified":"2023-08-31T11:35:57","modified_gmt":"2023-08-31T09:35:57","slug":"donnees-societaires","status":"publish","type":"page","link":"https:\/\/www.victoriaclubabano.it\/fr\/donnees-societaires\/","title":{"rendered":"Donn\u00e9es soci\u00e9taires"},"content":{"rendered":"<div class=\"wpb-content-wrapper\"><p>[vc_row][vc_column][vc_column_text]<strong>Victoria Club<\/strong><\/p>\n<p>Piazza Cortesi<br \/>\n35031 Abano Terme (PD)<\/p>\n<p>Cel. <a href=\"tel:+393408602584\">+39 340 8602584<\/a><\/p>\n<p>Tel. <a href=\"http:\/\/victoriaclubabano.it\/contatti\/+390498665100\">+39 049 866 5100<\/a><\/p>\n<p><a href=\"mailto:info@victoriaclubabano.it\">info@victoriaclubabano.it<\/a><\/p>\n<p>&nbsp;<\/p>\n<p><strong>G.B. THERMAE HOTELS SRL<\/strong><\/p>\n<p>Via Valerio Flacco, 99<br \/>\n35031 Abano Terme (PD)<\/p>\n<p>Codice fiscale \u2013 Partita Iva e iscrizione Registro Imprese di Padova n. 00220810287<br \/>\nCapitale sociale \u20ac 4.581.600 interamente versato[\/vc_column_text][\/vc_column][\/vc_row]<\/p>\n<\/div>","protected":false},"excerpt":{"rendered":"<p>[vc_row][vc_column][vc_column_text]Victoria Club Piazza Cortesi 35031 Abano Terme (PD) Cel. +39 340 8602584 Tel. +39 049 866 5100 info@victoriaclubabano.it &nbsp; G.B. THERMAE HOTELS SRL Via Valerio Flacco,<span class=\"excerpt-hellip\"> [\u2026]<\/span><\/p>\n","protected":false},"author":2,"featured_media":0,"parent":0,"menu_order":0,"comment_status":"closed","ping_status":"open","template":"","meta":{"_acf_changed":false,"footnotes":""},"class_list":["post-431","page","type-page","status-publish","hentry"],"acf":[],"yoast_head":"<!-- This site is optimized with the Yoast SEO plugin v25.3.1 - https:\/\/yoast.com\/wordpress\/plugins\/seo\/ -->\n<title>Donn\u00e9es soci\u00e9taires - Victoria Club<\/title>\n<meta name=\"description\" content=\"Donn\u00e9es soci\u00e9taires Victoria Club di Abano Terme (PD)\" \/>\n<meta name=\"robots\" content=\"index, follow, max-snippet:-1, max-image-preview:large, max-video-preview:-1\" \/>\n<link rel=\"canonical\" href=\"https:\/\/www.victoriaclubabano.it\/fr\/donnees-societaires\/\" \/>\n<meta property=\"og:locale\" content=\"fr_FR\" \/>\n<meta property=\"og:type\" content=\"article\" \/>\n<meta property=\"og:title\" content=\"Donn\u00e9es soci\u00e9taires - Victoria Club\" \/>\n<meta property=\"og:description\" content=\"Donn\u00e9es soci\u00e9taires Victoria Club di Abano Terme (PD)\" \/>\n<meta property=\"og:url\" content=\"https:\/\/www.victoriaclubabano.it\/fr\/donnees-societaires\/\" \/>\n<meta property=\"og:site_name\" content=\"Victoria Club\" \/>\n<meta property=\"article:modified_time\" content=\"2023-08-31T09:35:57+00:00\" \/>\n<meta name=\"twitter:card\" content=\"summary_large_image\" \/>\n<meta name=\"twitter:label1\" content=\"Dur\u00e9e de lecture estim\u00e9e\" \/>\n\t<meta name=\"twitter:data1\" content=\"1 minute\" \/>\n<script type=\"application\/ld+json\" class=\"yoast-schema-graph\">{\"@context\":\"https:\/\/schema.org\",\"@graph\":[{\"@type\":\"WebPage\",\"@id\":\"https:\/\/www.victoriaclubabano.it\/fr\/donnees-societaires\/\",\"url\":\"https:\/\/www.victoriaclubabano.it\/fr\/donnees-societaires\/\",\"name\":\"Donn\u00e9es soci\u00e9taires - Victoria Club\",\"isPartOf\":{\"@id\":\"https:\/\/www.victoriaclubabano.it\/fr\/#website\"},\"datePublished\":\"2019-07-24T09:11:28+00:00\",\"dateModified\":\"2023-08-31T09:35:57+00:00\",\"description\":\"Donn\u00e9es soci\u00e9taires Victoria Club di Abano Terme (PD)\",\"breadcrumb\":{\"@id\":\"https:\/\/www.victoriaclubabano.it\/fr\/donnees-societaires\/#breadcrumb\"},\"inLanguage\":\"fr-FR\",\"potentialAction\":[{\"@type\":\"ReadAction\",\"target\":[\"https:\/\/www.victoriaclubabano.it\/fr\/donnees-societaires\/\"]}]},{\"@type\":\"BreadcrumbList\",\"@id\":\"https:\/\/www.victoriaclubabano.it\/fr\/donnees-societaires\/#breadcrumb\",\"itemListElement\":[{\"@type\":\"ListItem\",\"position\":1,\"name\":\"Home\",\"item\":\"https:\/\/www.victoriaclubabano.it\/fr\/\"},{\"@type\":\"ListItem\",\"position\":2,\"name\":\"Donn\u00e9es soci\u00e9taires\"}]},{\"@type\":\"WebSite\",\"@id\":\"https:\/\/www.victoriaclubabano.it\/fr\/#website\",\"url\":\"https:\/\/www.victoriaclubabano.it\/fr\/\",\"name\":\"Victoria Club\",\"description\":\"Abano Terme (PD)\",\"potentialAction\":[{\"@type\":\"SearchAction\",\"target\":{\"@type\":\"EntryPoint\",\"urlTemplate\":\"https:\/\/www.victoriaclubabano.it\/fr\/?s={search_term_string}\"},\"query-input\":{\"@type\":\"PropertyValueSpecification\",\"valueRequired\":true,\"valueName\":\"search_term_string\"}}],\"inLanguage\":\"fr-FR\"}]}<\/script>\n<!-- \/ Yoast SEO plugin. -->","yoast_head_json":{"title":"Donn\u00e9es soci\u00e9taires - Victoria Club","description":"Donn\u00e9es soci\u00e9taires Victoria Club di Abano Terme (PD)","robots":{"index":"index","follow":"follow","max-snippet":"max-snippet:-1","max-image-preview":"max-image-preview:large","max-video-preview":"max-video-preview:-1"},"canonical":"https:\/\/www.victoriaclubabano.it\/fr\/donnees-societaires\/","og_locale":"fr_FR","og_type":"article","og_title":"Donn\u00e9es soci\u00e9taires - Victoria Club","og_description":"Donn\u00e9es soci\u00e9taires Victoria Club di Abano Terme (PD)","og_url":"https:\/\/www.victoriaclubabano.it\/fr\/donnees-societaires\/","og_site_name":"Victoria Club","article_modified_time":"2023-08-31T09:35:57+00:00","twitter_card":"summary_large_image","twitter_misc":{"Dur\u00e9e de lecture estim\u00e9e":"1 minute"},"schema":{"@context":"https:\/\/schema.org","@graph":[{"@type":"WebPage","@id":"https:\/\/www.victoriaclubabano.it\/fr\/donnees-societaires\/","url":"https:\/\/www.victoriaclubabano.it\/fr\/donnees-societaires\/","name":"Donn\u00e9es soci\u00e9taires - Victoria Club","isPartOf":{"@id":"https:\/\/www.victoriaclubabano.it\/fr\/#website"},"datePublished":"2019-07-24T09:11:28+00:00","dateModified":"2023-08-31T09:35:57+00:00","description":"Donn\u00e9es soci\u00e9taires Victoria Club di Abano Terme (PD)","breadcrumb":{"@id":"https:\/\/www.victoriaclubabano.it\/fr\/donnees-societaires\/#breadcrumb"},"inLanguage":"fr-FR","potentialAction":[{"@type":"ReadAction","target":["https:\/\/www.victoriaclubabano.it\/fr\/donnees-societaires\/"]}]},{"@type":"BreadcrumbList","@id":"https:\/\/www.victoriaclubabano.it\/fr\/donnees-societaires\/#breadcrumb","itemListElement":[{"@type":"ListItem","position":1,"name":"Home","item":"https:\/\/www.victoriaclubabano.it\/fr\/"},{"@type":"ListItem","position":2,"name":"Donn\u00e9es soci\u00e9taires"}]},{"@type":"WebSite","@id":"https:\/\/www.victoriaclubabano.it\/fr\/#website","url":"https:\/\/www.victoriaclubabano.it\/fr\/","name":"Victoria Club","description":"Abano Terme (PD)","potentialAction":[{"@type":"SearchAction","target":{"@type":"EntryPoint","urlTemplate":"https:\/\/www.victoriaclubabano.it\/fr\/?s={search_term_string}"},"query-input":{"@type":"PropertyValueSpecification","valueRequired":true,"valueName":"search_term_string"}}],"inLanguage":"fr-FR"}]}},"_links":{"self":[{"href":"https:\/\/www.victoriaclubabano.it\/fr\/wp-json\/wp\/v2\/pages\/431","targetHints":{"allow":["GET"]}}],"collection":[{"href":"https:\/\/www.victoriaclubabano.it\/fr\/wp-json\/wp\/v2\/pages"}],"about":[{"href":"https:\/\/www.victoriaclubabano.it\/fr\/wp-json\/wp\/v2\/types\/page"}],"author":[{"embeddable":true,"href":"https:\/\/www.victoriaclubabano.it\/fr\/wp-json\/wp\/v2\/users\/2"}],"replies":[{"embeddable":true,"href":"https:\/\/www.victoriaclubabano.it\/fr\/wp-json\/wp\/v2\/comments?post=431"}],"version-history":[{"count":1,"href":"https:\/\/www.victoriaclubabano.it\/fr\/wp-json\/wp\/v2\/pages\/431\/revisions"}],"predecessor-version":[{"id":568,"href":"https:\/\/www.victoriaclubabano.it\/fr\/wp-json\/wp\/v2\/pages\/431\/revisions\/568"}],"wp:attachment":[{"href":"https:\/\/www.victoriaclubabano.it\/fr\/wp-json\/wp\/v2\/media?parent=431"}],"curies":[{"name":"wp","href":"https:\/\/api.w.org\/{rel}","templated":true}]}}